{"id":1650,"date":"2017-12-11T13:25:26","date_gmt":"2017-12-11T13:25:26","guid":{"rendered":"https:\/\/microerosion.com\/savoir-faire-expertise\/"},"modified":"2021-12-20T13:11:07","modified_gmt":"2021-12-20T13:11:07","slug":"know-how-und-fachwissen","status":"publish","type":"page","link":"https:\/\/microerosion.com\/de\/ce-qui-fait-notre-force\/know-how-und-fachwissen\/","title":{"rendered":"Know How und Fachwissen"},"content":{"rendered":"","protected":false},"excerpt":{"rendered":"","protected":false},"author":1,"featured_media":0,"parent":1846,"menu_order":1,"comment_status":"closed","ping_status":"closed","template":"Le_parc_machine.php","meta":{"_acf_changed":false,"_seopress_robots_primary_cat":"","_seopress_titles_title":"Know How und Fachwissen","_seopress_titles_desc":"L&#039;\u00e9coute, l&#039;\u00e9tude, l&#039;optimisation, la r\u00e9activit\u00e9, la tra\u00e7abilit\u00e9 des mat\u00e9riaux comme celle des informations, les contr\u00f4les permanents sont les garants d&#039;une qualit\u00e9 finale irr\u00e9prochable. ","_seopress_robots_index":"","footnotes":""},"class_list":["post-1650","page","type-page","status-publish","hentry"],"acf":[],"_links":{"self":[{"href":"https:\/\/microerosion.com\/de\/wp-json\/wp\/v2\/pages\/1650","targetHints":{"allow":["GET"]}}],"collection":[{"href":"https:\/\/microerosion.com\/de\/wp-json\/wp\/v2\/pages"}],"about":[{"href":"https:\/\/microerosion.com\/de\/wp-json\/wp\/v2\/types\/page"}],"author":[{"embeddable":true,"href":"https:\/\/microerosion.com\/de\/wp-json\/wp\/v2\/users\/1"}],"replies":[{"embeddable":true,"href":"https:\/\/microerosion.com\/de\/wp-json\/wp\/v2\/comments?post=1650"}],"version-history":[{"count":28,"href":"https:\/\/microerosion.com\/de\/wp-json\/wp\/v2\/pages\/1650\/revisions"}],"predecessor-version":[{"id":2350,"href":"https:\/\/microerosion.com\/de\/wp-json\/wp\/v2\/pages\/1650\/revisions\/2350"}],"up":[{"embeddable":true,"href":"https:\/\/microerosion.com\/de\/wp-json\/wp\/v2\/pages\/1846"}],"wp:attachment":[{"href":"https:\/\/microerosion.com\/de\/wp-json\/wp\/v2\/media?parent=1650"}],"curies":[{"name":"wp","href":"https:\/\/api.w.org\/{rel}","templated":true}]}}