{"id":1652,"date":"2017-12-11T13:21:35","date_gmt":"2017-12-11T13:21:35","guid":{"rendered":"https:\/\/microerosion.com\/medical\/"},"modified":"2026-04-07T05:47:30","modified_gmt":"2026-04-07T05:47:30","slug":"medizin","status":"publish","type":"page","link":"https:\/\/microerosion.com\/de\/unsere-staerken-nach-ihrer-aktivitaet\/medizin\/","title":{"rendered":"Medizin"},"content":{"rendered":"","protected":false},"excerpt":{"rendered":"","protected":false},"author":1,"featured_media":0,"parent":1680,"menu_order":1,"comment_status":"closed","ping_status":"closed","template":"activite.php","meta":{"_acf_changed":false,"_seopress_robots_primary_cat":"","_seopress_titles_title":"La industries li\u00e9es au secteur m\u00e9dical","_seopress_titles_desc":"Les industries li\u00e9es au secteur m\u00e9dical n\u00e9cessitent la conception et la fabrication de pi\u00e8ces complexes du plus haut niveau.","_seopress_robots_index":"","footnotes":""},"class_list":["post-1652","page","type-page","status-publish","hentry"],"acf":[],"_links":{"self":[{"href":"https:\/\/microerosion.com\/de\/wp-json\/wp\/v2\/pages\/1652","targetHints":{"allow":["GET"]}}],"collection":[{"href":"https:\/\/microerosion.com\/de\/wp-json\/wp\/v2\/pages"}],"about":[{"href":"https:\/\/microerosion.com\/de\/wp-json\/wp\/v2\/types\/page"}],"author":[{"embeddable":true,"href":"https:\/\/microerosion.com\/de\/wp-json\/wp\/v2\/users\/1"}],"replies":[{"embeddable":true,"href":"https:\/\/microerosion.com\/de\/wp-json\/wp\/v2\/comments?post=1652"}],"version-history":[{"count":6,"href":"https:\/\/microerosion.com\/de\/wp-json\/wp\/v2\/pages\/1652\/revisions"}],"predecessor-version":[{"id":4030,"href":"https:\/\/microerosion.com\/de\/wp-json\/wp\/v2\/pages\/1652\/revisions\/4030"}],"up":[{"embeddable":true,"href":"https:\/\/microerosion.com\/de\/wp-json\/wp\/v2\/pages\/1680"}],"wp:attachment":[{"href":"https:\/\/microerosion.com\/de\/wp-json\/wp\/v2\/media?parent=1652"}],"curies":[{"name":"wp","href":"https:\/\/api.w.org\/{rel}","templated":true}]}}