{"id":1655,"date":"2017-12-14T10:05:32","date_gmt":"2017-12-14T10:05:32","guid":{"rendered":"https:\/\/microerosion.com\/la-mecanique-de-precision\/"},"modified":"2021-02-10T09:55:06","modified_gmt":"2021-02-10T09:55:06","slug":"praezisionsmechanik","status":"publish","type":"page","link":"https:\/\/microerosion.com\/de\/praezisionsmechanik\/","title":{"rendered":"SEO Pr\u00e4zisionsmechanik"},"content":{"rendered":"","protected":false},"excerpt":{"rendered":"","protected":false},"author":1,"featured_media":0,"parent":0,"menu_order":0,"comment_status":"closed","ping_status":"closed","template":"seo.php","meta":{"_acf_changed":false,"_seopress_robots_primary_cat":"","_seopress_titles_title":"Pr\u00e4zisionsmechanik, Zwischen Nanotechnologie und Mechanik","_seopress_titles_desc":"Seit \u00fcber 15 Jahren ist die Hochpr\u00e4zision das Privileg von Microerosion, im Entwurf und der Herstellung von komplexen Teilen.","_seopress_robots_index":"","footnotes":""},"class_list":["post-1655","page","type-page","status-publish","hentry"],"acf":[],"_links":{"self":[{"href":"https:\/\/microerosion.com\/de\/wp-json\/wp\/v2\/pages\/1655","targetHints":{"allow":["GET"]}}],"collection":[{"href":"https:\/\/microerosion.com\/de\/wp-json\/wp\/v2\/pages"}],"about":[{"href":"https:\/\/microerosion.com\/de\/wp-json\/wp\/v2\/types\/page"}],"author":[{"embeddable":true,"href":"https:\/\/microerosion.com\/de\/wp-json\/wp\/v2\/users\/1"}],"replies":[{"embeddable":true,"href":"https:\/\/microerosion.com\/de\/wp-json\/wp\/v2\/comments?post=1655"}],"version-history":[{"count":3,"href":"https:\/\/microerosion.com\/de\/wp-json\/wp\/v2\/pages\/1655\/revisions"}],"predecessor-version":[{"id":1694,"href":"https:\/\/microerosion.com\/de\/wp-json\/wp\/v2\/pages\/1655\/revisions\/1694"}],"wp:attachment":[{"href":"https:\/\/microerosion.com\/de\/wp-json\/wp\/v2\/media?parent=1655"}],"curies":[{"name":"wp","href":"https:\/\/api.w.org\/{rel}","templated":true}]}}