{"id":1660,"date":"2017-12-14T10:29:23","date_gmt":"2017-12-14T10:29:23","guid":{"rendered":"https:\/\/microerosion.com\/electroerosion\/"},"modified":"2021-02-10T09:53:33","modified_gmt":"2021-02-10T09:53:33","slug":"elektro-erosion","status":"publish","type":"page","link":"https:\/\/microerosion.com\/de\/elektro-erosion\/","title":{"rendered":"SEO Die elektro-erosion"},"content":{"rendered":"","protected":false},"excerpt":{"rendered":"","protected":false},"author":1,"featured_media":0,"parent":0,"menu_order":0,"comment_status":"closed","ping_status":"closed","template":"seo.php","meta":{"_acf_changed":false,"_seopress_robots_primary_cat":"","_seopress_titles_title":"Was ist Elektro-Erosion ?","_seopress_titles_desc":"International ebenfalls bekannt unter EDM, die Abk\u00fcrzung f\u00fcr Electrical Discharge Machining, wird Drahterosion von unkonventionellen Maschinen durch Metallabtragung durchgef\u00fchrt.","_seopress_robots_index":"","footnotes":""},"class_list":["post-1660","page","type-page","status-publish","hentry"],"acf":[],"_links":{"self":[{"href":"https:\/\/microerosion.com\/de\/wp-json\/wp\/v2\/pages\/1660","targetHints":{"allow":["GET"]}}],"collection":[{"href":"https:\/\/microerosion.com\/de\/wp-json\/wp\/v2\/pages"}],"about":[{"href":"https:\/\/microerosion.com\/de\/wp-json\/wp\/v2\/types\/page"}],"author":[{"embeddable":true,"href":"https:\/\/microerosion.com\/de\/wp-json\/wp\/v2\/users\/1"}],"replies":[{"embeddable":true,"href":"https:\/\/microerosion.com\/de\/wp-json\/wp\/v2\/comments?post=1660"}],"version-history":[{"count":5,"href":"https:\/\/microerosion.com\/de\/wp-json\/wp\/v2\/pages\/1660\/revisions"}],"predecessor-version":[{"id":1767,"href":"https:\/\/microerosion.com\/de\/wp-json\/wp\/v2\/pages\/1660\/revisions\/1767"}],"wp:attachment":[{"href":"https:\/\/microerosion.com\/de\/wp-json\/wp\/v2\/media?parent=1660"}],"curies":[{"name":"wp","href":"https:\/\/api.w.org\/{rel}","templated":true}]}}