{"id":1662,"date":"2017-12-14T10:37:33","date_gmt":"2017-12-14T10:37:33","guid":{"rendered":"https:\/\/microerosion.com\/le-clinchage\/"},"modified":"2021-02-10T09:54:40","modified_gmt":"2021-02-10T09:54:40","slug":"clinchen","status":"publish","type":"page","link":"https:\/\/microerosion.com\/de\/clinchen\/","title":{"rendered":"SEO Das Clinchen"},"content":{"rendered":"","protected":false},"excerpt":{"rendered":"","protected":false},"author":1,"featured_media":0,"parent":0,"menu_order":0,"comment_status":"closed","ping_status":"closed","template":"seo.php","meta":{"_acf_changed":false,"_seopress_robots_primary_cat":"","_seopress_titles_title":"Was ist das Clinchen ?","_seopress_titles_desc":"Das Clinchen wird genutzt, um d\u00fcnne Bleche und Profile mechanisch miteinander zu verbinden und eine sehr hohe Qualit\u00e4t an Widerstand und H\u00e4rte zu erzeugen.","_seopress_robots_index":"","footnotes":""},"class_list":["post-1662","page","type-page","status-publish","hentry"],"acf":[],"_links":{"self":[{"href":"https:\/\/microerosion.com\/de\/wp-json\/wp\/v2\/pages\/1662","targetHints":{"allow":["GET"]}}],"collection":[{"href":"https:\/\/microerosion.com\/de\/wp-json\/wp\/v2\/pages"}],"about":[{"href":"https:\/\/microerosion.com\/de\/wp-json\/wp\/v2\/types\/page"}],"author":[{"embeddable":true,"href":"https:\/\/microerosion.com\/de\/wp-json\/wp\/v2\/users\/1"}],"replies":[{"embeddable":true,"href":"https:\/\/microerosion.com\/de\/wp-json\/wp\/v2\/comments?post=1662"}],"version-history":[{"count":4,"href":"https:\/\/microerosion.com\/de\/wp-json\/wp\/v2\/pages\/1662\/revisions"}],"predecessor-version":[{"id":1800,"href":"https:\/\/microerosion.com\/de\/wp-json\/wp\/v2\/pages\/1662\/revisions\/1800"}],"wp:attachment":[{"href":"https:\/\/microerosion.com\/de\/wp-json\/wp\/v2\/media?parent=1662"}],"curies":[{"name":"wp","href":"https:\/\/api.w.org\/{rel}","templated":true}]}}