{"id":1673,"date":"2017-12-11T13:21:53","date_gmt":"2017-12-11T13:21:53","guid":{"rendered":"https:\/\/microerosion.com\/energie\/"},"modified":"2021-02-09T16:35:45","modified_gmt":"2021-02-09T16:35:45","slug":"energie","status":"publish","type":"page","link":"https:\/\/microerosion.com\/de\/unsere-staerken-nach-ihrer-aktivitaet\/energie\/","title":{"rendered":"Energie"},"content":{"rendered":"","protected":false},"excerpt":{"rendered":"","protected":false},"author":1,"featured_media":0,"parent":1680,"menu_order":5,"comment_status":"closed","ping_status":"closed","template":"activite.php","meta":{"_acf_changed":false,"_seopress_robots_primary_cat":"","_seopress_titles_title":"Energie : Entwicklung, Herstellung und technologien","_seopress_titles_desc":"Dank einer langj\u00e4hrigen Erfahrung in der Prototypisierung, unterst\u00fctzen wir regelm\u00e4ssig die wichtigsten Hersteller und Betreiber im Energie.","_seopress_robots_index":"","footnotes":""},"class_list":["post-1673","page","type-page","status-publish","hentry"],"acf":[],"_links":{"self":[{"href":"https:\/\/microerosion.com\/de\/wp-json\/wp\/v2\/pages\/1673","targetHints":{"allow":["GET"]}}],"collection":[{"href":"https:\/\/microerosion.com\/de\/wp-json\/wp\/v2\/pages"}],"about":[{"href":"https:\/\/microerosion.com\/de\/wp-json\/wp\/v2\/types\/page"}],"author":[{"embeddable":true,"href":"https:\/\/microerosion.com\/de\/wp-json\/wp\/v2\/users\/1"}],"replies":[{"embeddable":true,"href":"https:\/\/microerosion.com\/de\/wp-json\/wp\/v2\/comments?post=1673"}],"version-history":[{"count":5,"href":"https:\/\/microerosion.com\/de\/wp-json\/wp\/v2\/pages\/1673\/revisions"}],"predecessor-version":[{"id":1760,"href":"https:\/\/microerosion.com\/de\/wp-json\/wp\/v2\/pages\/1673\/revisions\/1760"}],"up":[{"embeddable":true,"href":"https:\/\/microerosion.com\/de\/wp-json\/wp\/v2\/pages\/1680"}],"wp:attachment":[{"href":"https:\/\/microerosion.com\/de\/wp-json\/wp\/v2\/media?parent=1673"}],"curies":[{"name":"wp","href":"https:\/\/api.w.org\/{rel}","templated":true}]}}