{"id":1680,"date":"2017-12-11T13:18:53","date_gmt":"2017-12-11T13:18:53","guid":{"rendered":"https:\/\/microerosion.com\/nos-atouts-selon-votre-activite\/"},"modified":"2021-04-19T15:19:37","modified_gmt":"2021-04-19T15:19:37","slug":"unsere-staerken-nach-ihrer-aktivitaet","status":"publish","type":"page","link":"https:\/\/microerosion.com\/de\/unsere-staerken-nach-ihrer-aktivitaet\/","title":{"rendered":"Unsere St\u00e4rken nach Ihrer Aktivit\u00e4t"},"content":{"rendered":"","protected":false},"excerpt":{"rendered":"","protected":false},"author":1,"featured_media":0,"parent":0,"menu_order":0,"comment_status":"closed","ping_status":"closed","template":"liste-activite.php","meta":{"_acf_changed":false,"_seopress_robots_primary_cat":"","_seopress_titles_title":"","_seopress_titles_desc":"Que ce soit, dans le domaine m\u00e9dical, dans la connectique, l&#039;a\u00e9ronautique, le luxe ou encore l&#039;horlogerie, Micro Erosion s&#039;adapte \u00e0 vos demandes selon votre activit\u00e9.","_seopress_robots_index":"","footnotes":""},"class_list":["post-1680","page","type-page","status-publish","hentry"],"acf":[],"_links":{"self":[{"href":"https:\/\/microerosion.com\/de\/wp-json\/wp\/v2\/pages\/1680","targetHints":{"allow":["GET"]}}],"collection":[{"href":"https:\/\/microerosion.com\/de\/wp-json\/wp\/v2\/pages"}],"about":[{"href":"https:\/\/microerosion.com\/de\/wp-json\/wp\/v2\/types\/page"}],"author":[{"embeddable":true,"href":"https:\/\/microerosion.com\/de\/wp-json\/wp\/v2\/users\/1"}],"replies":[{"embeddable":true,"href":"https:\/\/microerosion.com\/de\/wp-json\/wp\/v2\/comments?post=1680"}],"version-history":[{"count":11,"href":"https:\/\/microerosion.com\/de\/wp-json\/wp\/v2\/pages\/1680\/revisions"}],"predecessor-version":[{"id":1943,"href":"https:\/\/microerosion.com\/de\/wp-json\/wp\/v2\/pages\/1680\/revisions\/1943"}],"wp:attachment":[{"href":"https:\/\/microerosion.com\/de\/wp-json\/wp\/v2\/media?parent=1680"}],"curies":[{"name":"wp","href":"https:\/\/api.w.org\/{rel}","templated":true}]}}