{"id":1682,"date":"2017-12-11T13:24:56","date_gmt":"2017-12-11T13:24:56","guid":{"rendered":"https:\/\/microerosion.com\/parc-machines\/"},"modified":"2025-03-01T09:41:37","modified_gmt":"2025-03-01T09:41:37","slug":"unsere-technologien","status":"publish","type":"page","link":"https:\/\/microerosion.com\/de\/ce-qui-fait-notre-force\/unsere-technologien\/","title":{"rendered":"Unsere Technologien"},"content":{"rendered":"","protected":false},"excerpt":{"rendered":"","protected":false},"author":1,"featured_media":0,"parent":1846,"menu_order":3,"comment_status":"closed","ping_status":"closed","template":"Le_parc_machine.php","meta":{"_acf_changed":false,"_seopress_robots_primary_cat":"","_seopress_titles_title":"Unsere maschinenpark, un des plus performants du march\u00e9","_seopress_titles_desc":"Seit fast 20 Jahren investiert Micro \u00c9rosion regelm\u00e4ssig in die leistungsf\u00e4higste Ausr\u00fcstung, die es auf dem Markt gibt, digital oder analog.","_seopress_robots_index":"","footnotes":""},"class_list":["post-1682","page","type-page","status-publish","hentry"],"acf":[],"_links":{"self":[{"href":"https:\/\/microerosion.com\/de\/wp-json\/wp\/v2\/pages\/1682","targetHints":{"allow":["GET"]}}],"collection":[{"href":"https:\/\/microerosion.com\/de\/wp-json\/wp\/v2\/pages"}],"about":[{"href":"https:\/\/microerosion.com\/de\/wp-json\/wp\/v2\/types\/page"}],"author":[{"embeddable":true,"href":"https:\/\/microerosion.com\/de\/wp-json\/wp\/v2\/users\/1"}],"replies":[{"embeddable":true,"href":"https:\/\/microerosion.com\/de\/wp-json\/wp\/v2\/comments?post=1682"}],"version-history":[{"count":93,"href":"https:\/\/microerosion.com\/de\/wp-json\/wp\/v2\/pages\/1682\/revisions"}],"predecessor-version":[{"id":3759,"href":"https:\/\/microerosion.com\/de\/wp-json\/wp\/v2\/pages\/1682\/revisions\/3759"}],"up":[{"embeddable":true,"href":"https:\/\/microerosion.com\/de\/wp-json\/wp\/v2\/pages\/1846"}],"wp:attachment":[{"href":"https:\/\/microerosion.com\/de\/wp-json\/wp\/v2\/media?parent=1682"}],"curies":[{"name":"wp","href":"https:\/\/api.w.org\/{rel}","templated":true}]}}