{"id":1851,"date":"2021-02-10T17:07:46","date_gmt":"2021-02-10T17:07:46","guid":{"rendered":"https:\/\/microerosion.com\/?page_id=1851"},"modified":"2025-03-06T09:54:29","modified_gmt":"2025-03-06T09:54:29","slug":"zuhause","status":"publish","type":"page","link":"https:\/\/microerosion.com\/de\/zuhause\/","title":{"rendered":"Zuhause"},"content":{"rendered":"","protected":false},"excerpt":{"rendered":"","protected":false},"author":1,"featured_media":0,"parent":0,"menu_order":0,"comment_status":"closed","ping_status":"closed","template":"accueil.php","meta":{"_acf_changed":false,"_seopress_robots_primary_cat":"","_seopress_titles_title":"Herstellung von hochpr\u00e4zisen Teilen","_seopress_titles_desc":"Indem wir gr\u00f6\u00dfte Sorgfalt auf Anspruch und Reaktionsverm\u00f6gen in Bezug auf Produkte mit hohem Mehrwert verwenden, bietet Micro Erosion seinen Kunden eine optimale Antwort.","_seopress_robots_index":"","footnotes":""},"class_list":["post-1851","page","type-page","status-publish","hentry"],"acf":[],"_links":{"self":[{"href":"https:\/\/microerosion.com\/de\/wp-json\/wp\/v2\/pages\/1851","targetHints":{"allow":["GET"]}}],"collection":[{"href":"https:\/\/microerosion.com\/de\/wp-json\/wp\/v2\/pages"}],"about":[{"href":"https:\/\/microerosion.com\/de\/wp-json\/wp\/v2\/types\/page"}],"author":[{"embeddable":true,"href":"https:\/\/microerosion.com\/de\/wp-json\/wp\/v2\/users\/1"}],"replies":[{"embeddable":true,"href":"https:\/\/microerosion.com\/de\/wp-json\/wp\/v2\/comments?post=1851"}],"version-history":[{"count":27,"href":"https:\/\/microerosion.com\/de\/wp-json\/wp\/v2\/pages\/1851\/revisions"}],"predecessor-version":[{"id":3797,"href":"https:\/\/microerosion.com\/de\/wp-json\/wp\/v2\/pages\/1851\/revisions\/3797"}],"wp:attachment":[{"href":"https:\/\/microerosion.com\/de\/wp-json\/wp\/v2\/media?parent=1851"}],"curies":[{"name":"wp","href":"https:\/\/api.w.org\/{rel}","templated":true}]}}